{"id":8,"date":"2024-10-07T13:32:23","date_gmt":"2024-10-07T11:32:23","guid":{"rendered":"https:\/\/www.llp-cars.ch\/cms\/?page_id=8"},"modified":"2025-04-07T23:03:11","modified_gmt":"2025-04-07T21:03:11","slug":"home","status":"publish","type":"page","link":"https:\/\/www.llp-cars.ch\/cms\/","title":{"rendered":"Home"},"content":{"rendered":"\t\t<div data-elementor-type=\"wp-page\" data-elementor-id=\"8\" class=\"elementor elementor-8\">\n\t\t\t\t<div class=\"elementor-element elementor-element-0252675 e-flex e-con-boxed e-con e-parent\" data-id=\"0252675\" data-element_type=\"container\">\n\t\t\t\t\t<div class=\"e-con-inner\">\n\t\t<div class=\"elementor-element elementor-element-b4c3f19 e-con-full e-flex e-con e-child\" data-id=\"b4c3f19\" data-element_type=\"container\">\n\t\t\t\t<div class=\"elementor-element elementor-element-ac58e32 elementor-widget elementor-widget-image\" data-id=\"ac58e32\" data-element_type=\"widget\" data-widget_type=\"image.default\">\n\t\t\t\t<div class=\"elementor-widget-container\">\n\t\t\t\t\t\t\t\t\t\t\t\t\t\t\t<img fetchpriority=\"high\" decoding=\"async\" width=\"700\" height=\"373\" src=\"https:\/\/www.llp-cars.ch\/cms\/wp-content\/uploads\/2025\/04\/LLP-Cars-bild.jpg\" class=\"attachment-large size-large wp-image-175\" alt=\"\" srcset=\"https:\/\/www.llp-cars.ch\/cms\/wp-content\/uploads\/2025\/04\/LLP-Cars-bild.jpg 700w, https:\/\/www.llp-cars.ch\/cms\/wp-content\/uploads\/2025\/04\/LLP-Cars-bild-300x160.jpg 300w\" sizes=\"(max-width: 700px) 100vw, 700px\" \/>\t\t\t\t\t\t\t\t\t\t\t\t\t\t\t<\/div>\n\t\t\t\t<\/div>\n\t\t\t\t<div class=\"elementor-element elementor-element-279b3be elementor-widget elementor-widget-heading\" data-id=\"279b3be\" data-element_type=\"widget\" data-widget_type=\"heading.default\">\n\t\t\t\t<div class=\"elementor-widget-container\">\n\t\t\t\t\t<h1 class=\"elementor-heading-title elementor-size-default\">Willkommen bei LLP Cars <\/h1>\t\t\t\t<\/div>\n\t\t\t\t<\/div>\n\t\t\t\t<\/div>\n\t\t\t\t\t<\/div>\n\t\t\t\t<\/div>\n\t\t<div class=\"elementor-element elementor-element-019ad13 e-flex e-con-boxed e-con e-parent\" data-id=\"019ad13\" data-element_type=\"container\">\n\t\t\t\t\t<div class=\"e-con-inner\">\n\t\t\t\t<div class=\"elementor-element elementor-element-81afdc8 elementor-widget elementor-widget-text-editor\" data-id=\"81afdc8\" data-element_type=\"widget\" data-widget_type=\"text-editor.default\">\n\t\t\t\t<div class=\"elementor-widget-container\">\n\t\t\t\t\t\t\t\t\t<h2 style=\"text-align: center;\"><span style=\"color: #0000ff;\">Ihrer vertrauensw\u00fcrdigen Autowerkstatt in Kerzers.<\/span><\/h2>\t\t\t\t\t\t\t\t<\/div>\n\t\t\t\t<\/div>\n\t\t\t\t\t<\/div>\n\t\t\t\t<\/div>\n\t\t<div class=\"elementor-element elementor-element-d53e1fd e-con-full e-flex e-con e-parent\" data-id=\"d53e1fd\" data-element_type=\"container\">\n\t\t\t\t<div class=\"elementor-element elementor-element-558ae57 elementor-widget elementor-widget-text-editor\" data-id=\"558ae57\" data-element_type=\"widget\" data-widget_type=\"text-editor.default\">\n\t\t\t\t<div class=\"elementor-widget-container\">\n\t\t\t\t\t\t\t\t\t<p class=\"\" data-start=\"328\" data-end=\"405\"><strong data-start=\"328\" data-end=\"403\">Willkommen bei LLP Cars \u2013 Ihre Autowerkstatt in Kerzers f\u00fcr alle Marken<\/strong><\/p><p class=\"\" data-start=\"407\" data-end=\"631\">Suchen Sie eine zuverl\u00e4ssige <strong data-start=\"436\" data-end=\"464\">Autowerkstatt in Kerzers<\/strong>?<br data-start=\"465\" data-end=\"468\" \/>Bei <strong data-start=\"472\" data-end=\"484\">LLP Cars<\/strong> sind Sie genau richtig. Wir bieten <strong data-start=\"520\" data-end=\"588\">professionellen Auto-Service und Reparaturen f\u00fcr alle Automarken<\/strong> \u2013 schnell, sauber und zu fairen Preisen.<\/p><p class=\"\" data-start=\"633\" data-end=\"819\">Ob <strong data-start=\"636\" data-end=\"649\">\u00d6lwechsel<\/strong>, <strong data-start=\"651\" data-end=\"668\">Reifenservice<\/strong>, <strong data-start=\"670\" data-end=\"682\">Diagnose<\/strong>, <strong data-start=\"684\" data-end=\"700\">Klimaservice<\/strong> oder <strong data-start=\"706\" data-end=\"730\">komplexe Reparaturen<\/strong> \u2013 unser erfahrenes Team sorgt daf\u00fcr, dass Ihr Fahrzeug wieder l\u00e4uft wie am ersten Tag.<\/p><p class=\"\" data-start=\"821\" data-end=\"977\">Wir sind Ihre Garage in der Region <strong data-start=\"856\" data-end=\"874\">Kerzers \/ Bern<\/strong>, <strong>Murten \/Freiburg , Seeland<\/strong> auf die Sie sich verlassen k\u00f6nnen \u2013 f\u00fcr alle <strong data-start=\"921\" data-end=\"938\">Fahrzeugtypen<\/strong>, vom Kleinwagen bis zum Transporter.<\/p><p class=\"\" data-start=\"979\" data-end=\"1117\"><img decoding=\"async\" class=\"emoji\" role=\"img\" draggable=\"false\" src=\"https:\/\/s.w.org\/images\/core\/emoji\/15.0.3\/svg\/1f449.svg\" alt=\"\ud83d\udc49\" \/> <strong data-start=\"982\" data-end=\"1056\">Jetzt einfach und schnell einen Termin online oder telefonisch buchen.<\/strong><br data-start=\"1056\" data-end=\"1059\" \/>Wir freuen uns, Sie pers\u00f6nlich bei uns begr\u00fcssen zu d\u00fcrfen!<\/p>\t\t\t\t\t\t\t\t<\/div>\n\t\t\t\t<\/div>\n\t\t\t\t<\/div>\n\t\t\t\t<\/div>\n\t\t","protected":false},"excerpt":{"rendered":"<p>Willkommen bei LLP Cars Ihrer vertrauensw\u00fcrdigen Autowerkstatt in Kerzers. Willkommen bei LLP Cars \u2013 Ihre Autowerkstatt in Kerzers f\u00fcr alle Marken Suchen Sie eine zuverl\u00e4ssige Autowerkstatt in Kerzers?Bei LLP Cars sind Sie genau richtig. Wir bieten professionellen Auto-Service und Reparaturen f\u00fcr alle Automarken \u2013 schnell, sauber und zu fairen Preisen. Ob \u00d6lwechsel, Reifenservice, Diagnose, Klimaservice&hellip;&nbsp;<a href=\"https:\/\/www.llp-cars.ch\/cms\/\" class=\"\" rel=\"bookmark\">Weiterlesen &raquo;<span class=\"screen-reader-text\">Home<\/span><\/a><\/p>\n","protected":false},"author":1,"featured_media":0,"parent":0,"menu_order":0,"comment_status":"closed","ping_status":"closed","template":"elementor_header_footer","meta":{"neve_meta_sidebar":"","neve_meta_container":"","neve_meta_enable_content_width":"","neve_meta_content_width":0,"neve_meta_title_alignment":"","neve_meta_author_avatar":"","neve_post_elements_order":"","neve_meta_disable_header":"","neve_meta_disable_footer":"","neve_meta_disable_title":"","footnotes":""},"class_list":["post-8","page","type-page","status-publish","hentry"],"_links":{"self":[{"href":"https:\/\/www.llp-cars.ch\/cms\/wp-json\/wp\/v2\/pages\/8","targetHints":{"allow":["GET"]}}],"collection":[{"href":"https:\/\/www.llp-cars.ch\/cms\/wp-json\/wp\/v2\/pages"}],"about":[{"href":"https:\/\/www.llp-cars.ch\/cms\/wp-json\/wp\/v2\/types\/page"}],"author":[{"embeddable":true,"href":"https:\/\/www.llp-cars.ch\/cms\/wp-json\/wp\/v2\/users\/1"}],"replies":[{"embeddable":true,"href":"https:\/\/www.llp-cars.ch\/cms\/wp-json\/wp\/v2\/comments?post=8"}],"version-history":[{"count":43,"href":"https:\/\/www.llp-cars.ch\/cms\/wp-json\/wp\/v2\/pages\/8\/revisions"}],"predecessor-version":[{"id":209,"href":"https:\/\/www.llp-cars.ch\/cms\/wp-json\/wp\/v2\/pages\/8\/revisions\/209"}],"wp:attachment":[{"href":"https:\/\/www.llp-cars.ch\/cms\/wp-json\/wp\/v2\/media?parent=8"}],"curies":[{"name":"wp","href":"https:\/\/api.w.org\/{rel}","templated":true}]}}