{"id":27,"date":"2024-10-07T13:39:22","date_gmt":"2024-10-07T11:39:22","guid":{"rendered":"https:\/\/www.llp-cars.ch\/cms\/?page_id=27"},"modified":"2025-04-07T22:13:09","modified_gmt":"2025-04-07T20:13:09","slug":"vermietung","status":"publish","type":"page","link":"https:\/\/www.llp-cars.ch\/cms\/vermietung\/","title":{"rendered":"Vermietung"},"content":{"rendered":"\t\t<div data-elementor-type=\"wp-page\" data-elementor-id=\"27\" class=\"elementor elementor-27\">\n\t\t\t\t<div class=\"elementor-element elementor-element-37680e5 e-con-full e-flex e-con e-parent\" data-id=\"37680e5\" data-element_type=\"container\">\n\t\t<div class=\"elementor-element elementor-element-9c08b8d e-con-full e-flex e-con e-child\" data-id=\"9c08b8d\" data-element_type=\"container\">\n\t\t\t\t<div class=\"elementor-element elementor-element-f43ebb9 elementor-widget elementor-widget-image\" data-id=\"f43ebb9\" data-element_type=\"widget\" data-widget_type=\"image.default\">\n\t\t\t\t<div class=\"elementor-widget-container\">\n\t\t\t\t\t\t\t\t\t\t\t\t\t\t\t<img fetchpriority=\"high\" decoding=\"async\" width=\"1024\" height=\"752\" src=\"https:\/\/www.llp-cars.ch\/cms\/wp-content\/uploads\/2025\/04\/IMG_1766-1024x752.jpg\" class=\"attachment-large size-large wp-image-185\" alt=\"\" srcset=\"https:\/\/www.llp-cars.ch\/cms\/wp-content\/uploads\/2025\/04\/IMG_1766-1024x752.jpg 1024w, https:\/\/www.llp-cars.ch\/cms\/wp-content\/uploads\/2025\/04\/IMG_1766-300x220.jpg 300w, https:\/\/www.llp-cars.ch\/cms\/wp-content\/uploads\/2025\/04\/IMG_1766-768x564.jpg 768w, https:\/\/www.llp-cars.ch\/cms\/wp-content\/uploads\/2025\/04\/IMG_1766.jpg 1290w\" sizes=\"(max-width: 1024px) 100vw, 1024px\" \/>\t\t\t\t\t\t\t\t\t\t\t\t\t\t\t<\/div>\n\t\t\t\t<\/div>\n\t\t\t\t<div class=\"elementor-element elementor-element-0213fe4 elementor-widget elementor-widget-heading\" data-id=\"0213fe4\" data-element_type=\"widget\" data-widget_type=\"heading.default\">\n\t\t\t\t<div class=\"elementor-widget-container\">\n\t\t\t\t\t<h1 class=\"elementor-heading-title elementor-size-default\">Vermietung<\/h1>\t\t\t\t<\/div>\n\t\t\t\t<\/div>\n\t\t<div class=\"elementor-element elementor-element-45a9750 e-flex e-con-boxed e-con e-child\" data-id=\"45a9750\" data-element_type=\"container\">\n\t\t\t\t\t<div class=\"e-con-inner\">\n\t\t\t\t<div class=\"elementor-element elementor-element-e5a5ff0 elementor-widget elementor-widget-text-editor\" data-id=\"e5a5ff0\" data-element_type=\"widget\" data-widget_type=\"text-editor.default\">\n\t\t\t\t<div class=\"elementor-widget-container\">\n\t\t\t\t\t\t\t\t\t<div id=\"1538734127\" class=\"dmNewParagraph\" data-element-type=\"paragraph\" data-version=\"5\"><h3 class=\"m-size-19 size-24\"><span class=\"font-size-24 m-font-size-19\" style=\"color: #000000;\">Autotransport anh\u00e4nger mieten<\/span><\/h3><\/div><div id=\"1544715181\" class=\"u_1544715181 dmNewParagraph\" data-element-type=\"paragraph\" data-version=\"5\"><p><span style=\"color: #000000;\">Technische Daten<\/span><br \/><span style=\"color: #000000;\">L\u00e4nge: 5m<\/span><br \/><span style=\"color: #000000;\">Breite: 2m<\/span><br \/><span style=\"color: #000000;\">Gesamtgewicht: 2800 Kg<\/span><br \/><span style=\"color: #000000;\">Nutzlast: 2100 Kg<\/span><br \/><span style=\"color: #000000;\">Elektrische Kippbar\u00a0<\/span><br \/><span style=\"color: #000000;\">Elektrische Seilwinde<\/span><\/p><p><span style=\"color: #000000;\">Kosten<\/span><br \/><span style=\"color: #000000;\">* 1\/2 Tag 50.- CHF (8.00-12.00 oder 13.00-17.00)<\/span><br \/><span style=\"color: #000000;\">* 1 Tag 80.- CHF<\/span><br \/><span style=\"color: #000000;\">* Wochenende 280.- CHF (Fr. 18.00 Uhr bis Mo. 8.00 Uhr)<\/span><br \/><span style=\"color: #000000;\">* 1 Woche 500.- CHF<\/span><\/p><p><span style=\"color: #000000;\">MIETBEDINGUNGEN<\/span><br \/><span style=\"color: #000000;\">Barzahlung: Miete und Kaution (300.- CHF) bei bar<\/span><br \/><span style=\"color: #000000;\">Mindest Mietdauer 1\/2 Tag<\/span><br \/><span style=\"color: #000000;\">Haftung: der Mieter Haftet f\u00fcr s\u00e4mtliche Sch\u00e4den sowie Verluste des mitgegebenen Materials.<\/span><br \/><span style=\"color: #000000;\">Reinigung: Der Anh\u00e4nger muss Sauber abgegeben werden, wenn nicht gereinigt wird eine Pauschale von 100.- CHF\u00a0 Verrechnet<\/span><br \/><span style=\"color: #000000;\">1 Tag (R\u00fcckgabe bis 18.00 Uhr)<\/span><br \/><span style=\"color: #000000;\">Versicherung:\u00a0 Der gemietete Anh\u00e4nger hat keine Versicherung, es gilt die Versicherung des Zugs Fahrzeug. Verursacht der Mieter einen Unfall in irgendeiner Form Haftet der Mieter vollumf\u00e4nglich f\u00fcr Sch\u00e4den am Anh\u00e4nger sowie Sach und Personen Schaden.<\/span><br \/><span style=\"color: #000000;\">Auslandsfahrten sind verboten<\/span><br \/><span style=\"color: #000000;\">Reservierungen per E-Mail sind verbindlich.<\/span><br \/><span style=\"color: #000000;\">Bei Annulation, oder wenn der Mietanh\u00e4nger nicht abgeholt wird, ist der gesamten Mietpreis Betrag trotzdem f\u00e4llig und wird in Rechnung gestelt.<\/span><\/p><\/div>\t\t\t\t\t\t\t\t<\/div>\n\t\t\t\t<\/div>\n\t\t\t\t<div class=\"elementor-element elementor-element-5eaef97 elementor-widget elementor-widget-text-editor\" data-id=\"5eaef97\" data-element_type=\"widget\" data-widget_type=\"text-editor.default\">\n\t\t\t\t<div class=\"elementor-widget-container\">\n\t\t\t\t\t\t\t\t\t\n<div class=\"wpcf7 no-js\" id=\"wpcf7-f130-o1\" lang=\"de-CH\" dir=\"ltr\" data-wpcf7-id=\"130\">\n<div class=\"screen-reader-response\"><p role=\"status\" aria-live=\"polite\" aria-atomic=\"true\"><\/p> <ul><\/ul><\/div>\n<form action=\"\/cms\/wp-json\/wp\/v2\/pages\/27#wpcf7-f130-o1\" method=\"post\" class=\"wpcf7-form init\" aria-label=\"Contact form\" novalidate=\"novalidate\" data-status=\"init\">\n<div style=\"display: none;\">\n<input type=\"hidden\" name=\"_wpcf7\" value=\"130\" \/>\n<input type=\"hidden\" name=\"_wpcf7_version\" value=\"6.0.3\" \/>\n<input type=\"hidden\" name=\"_wpcf7_locale\" value=\"de_CH\" \/>\n<input type=\"hidden\" name=\"_wpcf7_unit_tag\" value=\"wpcf7-f130-o1\" \/>\n<input type=\"hidden\" name=\"_wpcf7_container_post\" value=\"0\" \/>\n<input type=\"hidden\" name=\"_wpcf7_posted_data_hash\" value=\"\" \/>\n<\/div>\n<style>\n\/* Container-Styling *\/\n.angepasstes-kontaktformular {\n max-width: 1000px; \/* Erh\u00f6ht die maximale Breite *\/\n margin: 0 auto;\n padding: 20px;\n}\n\n\/* Eingabefelder-Styling *\/\n.angepasstes-kontaktformular input[type=\"text\"],\n.angepasstes-kontaktformular input[type=\"email\"],\n.angepasstes-kontaktformular input[type=\"tel\"],\n.angepasstes-kontaktformular textarea {\n width: 100% !important;\n padding: 10px; \/* Verringert das Innenpadding *\/\n margin-bottom: 1px; \/* Verringert den Abstand zwischen den Feldern *\/\n border: 2px solid #e0e0e0;\n background-color: #f2f2f2;\n border-radius: 4px;\n font-size: 16px;\n box-sizing: border-box;\n}\n\n\/* Flex-Container f\u00fcr Vor- und Nachname *\/\n.angepasstes-kontaktformular .name-felder {\n display: flex;\n gap: 2%; \/* Verringert den Abstand zwischen Vor- und Nachname *\/\n}\n\n\/* Vor- und Nachname-Felder Styling *\/\n.angepasstes-kontaktformular .name-felder p {\n width: 49%; \/* Passt die Breite der Felder an *\/\n margin: 0; \/* Entfernt Standard-Margin *\/\n}\n\n\/* Textarea-Styling *\/\n.angepasstes-kontaktformular textarea {\n min-height: 100px; \/* Verringert die Mindesth\u00f6he *\/\n resize: vertical;\n}\n\n\/* Absenden-Button Styling *\/\n.angepasstes-kontaktformular input[type=\"submit\"] {\n background-color: #ffd700;\n color: #000;\n border: none;\n padding: 15px;\n width: 25%;\n font-size: 16px;\n cursor: pointer;\n border-radius: 25px;\n text-transform: uppercase;\n font-weight: bold;\n}\n\n\/* Hover-Effekt f\u00fcr den Absenden-Button *\/\n.angepasstes-kontaktformular input[type=\"submit\"]:hover {\n background-color: #e6b800;\n}\n\n\/* --------------*\/\n\n\/* Container Styling *\/\n.vermietung-formular {\n max-width: 1000px;\n margin: 0 auto;\n padding: 20px;\n}\n\n\/* Eingabefelder Styling *\/\n.vermietung-formular input[type=\"text\"],\n.vermietung-formular input[type=\"email\"],\n.vermietung-formular input[type=\"tel\"],\n.vermietung-formular input[type=\"date\"],\n.vermietung-formular textarea {\n width: 100% !important;\n padding: 10px;\n margin-bottom: 10px;\n border: 1px solid #e0e0e0;\n background-color: #f2f2f2;\n border-radius: 4px;\n font-size: 16px;\n box-sizing: border-box;\n}\n\n\/* Dreispaltige Felder (Vorname, Nachname, Strasse) *\/\n.vermietung-formular .dreispaltig-felder {\n display: flex;\n gap: 4%;\n}\n\n\/* Zweispaltige Felder (PLZ, Stadt, Telefonnummer) *\/\n.vermietung-formular .zweispaltig-felder {\n display: flex;\n gap: 4%;\n}\n\n\/* Checkbox Styling *\/\n.vermietung-formular input[type=\"checkbox\"] {\n margin-right: 10px;\n}\n\n\/* Absenden-Button Styling *\/\n.vermietung-formular input[type=\"submit\"] {\n background-color: #ffd700;\n color: #000;\n border: none;\n padding: 15px;\n width: 25%;\n font-size: 16px;\n cursor: pointer;\n border-radius: 25px;\n text-transform: uppercase;\n font-weight: bold;\n}\n\n\/* Hover-Effekt f\u00fcr den Absenden-Button *\/\n.vermietung-formular input[type=\"submit\"]:hover {\n background-color: #e6b800;\n}\n<\/style>\n<div class=\"vermietung-formular\">\n\t<div class=\"dreispaltig-felder\" style=\"display: flex; justify-content: space-between; gap: 4%;\">\n\t\t<p style=\"flex-basis: 31%;\"><br \/>\n<span class=\"wpcf7-form-control-wrap\" data-name=\"vorname\"><input size=\"40\" maxlength=\"400\" class=\"wpcf7-form-control wpcf7-text wpcf7-validates-as-required\" aria-required=\"true\" aria-invalid=\"false\" placeholder=\"Vorname*\" value=\"\" type=\"text\" name=\"vorname\" \/><\/span>\n\t\t<\/p>\n\t\t<p style=\"flex-basis: 31%;\"><br \/>\n<span class=\"wpcf7-form-control-wrap\" data-name=\"nachname\"><input size=\"40\" maxlength=\"400\" class=\"wpcf7-form-control wpcf7-text wpcf7-validates-as-required\" aria-required=\"true\" aria-invalid=\"false\" placeholder=\"Nachname*\" value=\"\" type=\"text\" name=\"nachname\" \/><\/span>\n\t\t<\/p>\n\t\t<p style=\"flex-basis: 31%;\"><br \/>\n<span class=\"wpcf7-form-control-wrap\" data-name=\"strasse\"><input size=\"40\" maxlength=\"400\" class=\"wpcf7-form-control wpcf7-text wpcf7-validates-as-required\" aria-required=\"true\" aria-invalid=\"false\" placeholder=\"Strasse*\" value=\"\" type=\"text\" name=\"strasse\" \/><\/span>\n\t\t<\/p>\n\t<\/div>\n\t<div class=\"zweispaltig-felder\" style=\"display: flex; justify-content: space-between; gap: 4%;\">\n\t\t<p style=\"flex-basis: 48%;\"><br \/>\n<span class=\"wpcf7-form-control-wrap\" data-name=\"plz_stadt\"><input size=\"40\" maxlength=\"400\" class=\"wpcf7-form-control wpcf7-text wpcf7-validates-as-required\" aria-required=\"true\" aria-invalid=\"false\" placeholder=\"PLZ, Stadt*\" value=\"\" type=\"text\" name=\"plz_stadt\" \/><\/span>\n\t\t<\/p>\n\t\t<p style=\"flex-basis: 48%;\"><br \/>\n<span class=\"wpcf7-form-control-wrap\" data-name=\"telefonnummer\"><input size=\"40\" maxlength=\"400\" class=\"wpcf7-form-control wpcf7-tel wpcf7-validates-as-required wpcf7-text wpcf7-validates-as-tel\" aria-required=\"true\" aria-invalid=\"false\" placeholder=\"Telefonnummer*\" value=\"\" type=\"tel\" name=\"telefonnummer\" \/><\/span>\n\t\t<\/p>\n\t<\/div>\n\t<p><br \/>\n<span class=\"wpcf7-form-control-wrap\" data-name=\"email\"><input size=\"40\" maxlength=\"400\" class=\"wpcf7-form-control wpcf7-email wpcf7-validates-as-required wpcf7-text wpcf7-validates-as-email\" aria-required=\"true\" aria-invalid=\"false\" placeholder=\"E-Mail*\" value=\"\" type=\"email\" name=\"email\" \/><\/span>\n\t<\/p>\n\t<p><br \/>\n<span class=\"wpcf7-form-control-wrap\" data-name=\"mietdatum\"><input class=\"wpcf7-form-control wpcf7-date wpcf7-validates-as-required wpcf7-validates-as-date\" aria-required=\"true\" aria-invalid=\"false\" placeholder=\"Tag* \/ Monat* \/ JJJJ*\" value=\"\" type=\"date\" name=\"mietdatum\" \/><\/span>\n\t<\/p>\n\t<p>Mietdauer*\n\t<\/p>\n\t<p><br \/>\n<span class=\"wpcf7-form-control-wrap\" data-name=\"mietdauer\"><span class=\"wpcf7-form-control wpcf7-checkbox\"><span class=\"wpcf7-list-item first\"><label><input type=\"checkbox\" name=\"mietdauer[]\" value=\"1\/2 Tag\" \/><span class=\"wpcf7-list-item-label\">1\/2 Tag<\/span><\/label><\/span><span class=\"wpcf7-list-item\"><label><input type=\"checkbox\" name=\"mietdauer[]\" value=\"1 Tag\" \/><span class=\"wpcf7-list-item-label\">1 Tag<\/span><\/label><\/span><span class=\"wpcf7-list-item\"><label><input type=\"checkbox\" name=\"mietdauer[]\" value=\"Wochenende\" \/><span class=\"wpcf7-list-item-label\">Wochenende<\/span><\/label><\/span><span class=\"wpcf7-list-item last\"><label><input type=\"checkbox\" name=\"mietdauer[]\" value=\"1 Woche\" \/><span class=\"wpcf7-list-item-label\">1 Woche<\/span><\/label><\/span><\/span><\/span>\n\t<\/p>\n\t<p><br \/>\n<span class=\"wpcf7-form-control-wrap\" data-name=\"mietbedingungen\"><span class=\"wpcf7-form-control wpcf7-acceptance\"><span class=\"wpcf7-list-item\"><label><input type=\"checkbox\" name=\"mietbedingungen\" value=\"1\" aria-invalid=\"false\" \/><span class=\"wpcf7-list-item-label\">Ich best\u00e4tige, dass ich die Mietbedingungen gelesen und akzeptiere*<\/span><\/label><\/span><\/span><\/span>\n\t<\/p>\n\t<p><br \/>\n<input class=\"wpcf7-form-control wpcf7-submit has-spinner\" type=\"submit\" value=\"Senden\" \/>\n\t<\/p>\n<\/div><div class=\"wpcf7-response-output\" aria-hidden=\"true\"><\/div>\n<\/form>\n<\/div>\n\t\t\t\t\t\t\t\t<\/div>\n\t\t\t\t<\/div>\n\t\t\t\t\t<\/div>\n\t\t\t\t<\/div>\n\t\t\t\t<\/div>\n\t\t\t\t<\/div>\n\t\t\t\t<\/div>\n\t\t","protected":false},"excerpt":{"rendered":"<p>Vermietung Autotransport anh\u00e4nger mieten Technische DatenL\u00e4nge: 5mBreite: 2mGesamtgewicht: 2800 KgNutzlast: 2100 KgElektrische Kippbar\u00a0Elektrische Seilwinde Kosten* 1\/2 Tag 50.- CHF (8.00-12.00 oder 13.00-17.00)* 1 Tag 80.- CHF* Wochenende 280.- CHF (Fr. 18.00 Uhr bis Mo. 8.00 Uhr)* 1 Woche 500.- CHF MIETBEDINGUNGENBarzahlung: Miete und Kaution (300.- CHF) bei barMindest Mietdauer 1\/2 TagHaftung: der Mieter Haftet f\u00fcr&hellip;&nbsp;<a href=\"https:\/\/www.llp-cars.ch\/cms\/vermietung\/\" class=\"\" rel=\"bookmark\">Weiterlesen &raquo;<span class=\"screen-reader-text\">Vermietung<\/span><\/a><\/p>\n","protected":false},"author":1,"featured_media":0,"parent":0,"menu_order":0,"comment_status":"closed","ping_status":"closed","template":"page-templates\/template-pagebuilder-full-width.php","meta":{"neve_meta_sidebar":"","neve_meta_container":"","neve_meta_enable_content_width":"","neve_meta_content_width":0,"neve_meta_title_alignment":"","neve_meta_author_avatar":"","neve_post_elements_order":"","neve_meta_disable_header":"","neve_meta_disable_footer":"","neve_meta_disable_title":"","footnotes":""},"class_list":["post-27","page","type-page","status-publish","hentry"],"_links":{"self":[{"href":"https:\/\/www.llp-cars.ch\/cms\/wp-json\/wp\/v2\/pages\/27","targetHints":{"allow":["GET"]}}],"collection":[{"href":"https:\/\/www.llp-cars.ch\/cms\/wp-json\/wp\/v2\/pages"}],"about":[{"href":"https:\/\/www.llp-cars.ch\/cms\/wp-json\/wp\/v2\/types\/page"}],"author":[{"embeddable":true,"href":"https:\/\/www.llp-cars.ch\/cms\/wp-json\/wp\/v2\/users\/1"}],"replies":[{"embeddable":true,"href":"https:\/\/www.llp-cars.ch\/cms\/wp-json\/wp\/v2\/comments?post=27"}],"version-history":[{"count":19,"href":"https:\/\/www.llp-cars.ch\/cms\/wp-json\/wp\/v2\/pages\/27\/revisions"}],"predecessor-version":[{"id":189,"href":"https:\/\/www.llp-cars.ch\/cms\/wp-json\/wp\/v2\/pages\/27\/revisions\/189"}],"wp:attachment":[{"href":"https:\/\/www.llp-cars.ch\/cms\/wp-json\/wp\/v2\/media?parent=27"}],"curies":[{"name":"wp","href":"https:\/\/api.w.org\/{rel}","templated":true}]}}