{"id":21,"date":"2024-10-07T13:38:25","date_gmt":"2024-10-07T11:38:25","guid":{"rendered":"https:\/\/www.llp-cars.ch\/cms\/?page_id=21"},"modified":"2025-04-07T22:27:22","modified_gmt":"2025-04-07T20:27:22","slug":"spezial-angebote","status":"publish","type":"page","link":"https:\/\/www.llp-cars.ch\/cms\/spezial-angebote\/","title":{"rendered":"Spezial Angebote"},"content":{"rendered":"\t\t<div data-elementor-type=\"wp-page\" data-elementor-id=\"21\" class=\"elementor elementor-21\">\n\t\t\t\t<div class=\"elementor-element elementor-element-bf546af e-con-full e-flex e-con e-parent\" data-id=\"bf546af\" data-element_type=\"container\">\n\t\t<div class=\"elementor-element elementor-element-f83a73b e-con-full e-flex e-con e-child\" data-id=\"f83a73b\" data-element_type=\"container\">\n\t\t\t\t<div class=\"elementor-element elementor-element-b86a613 elementor-widget elementor-widget-image\" data-id=\"b86a613\" data-element_type=\"widget\" data-widget_type=\"image.default\">\n\t\t\t\t<div class=\"elementor-widget-container\">\n\t\t\t\t\t\t\t\t\t\t\t\t\t\t\t<img fetchpriority=\"high\" decoding=\"async\" width=\"700\" height=\"373\" src=\"https:\/\/www.llp-cars.ch\/cms\/wp-content\/uploads\/2025\/04\/LLP-Cars-bild.jpg\" class=\"attachment-medium_large size-medium_large wp-image-175\" alt=\"\" srcset=\"https:\/\/www.llp-cars.ch\/cms\/wp-content\/uploads\/2025\/04\/LLP-Cars-bild.jpg 700w, https:\/\/www.llp-cars.ch\/cms\/wp-content\/uploads\/2025\/04\/LLP-Cars-bild-300x160.jpg 300w\" sizes=\"(max-width: 700px) 100vw, 700px\" \/>\t\t\t\t\t\t\t\t\t\t\t\t\t\t\t<\/div>\n\t\t\t\t<\/div>\n\t\t\t\t<div class=\"elementor-element elementor-element-61c743f elementor-widget elementor-widget-heading\" data-id=\"61c743f\" data-element_type=\"widget\" data-widget_type=\"heading.default\">\n\t\t\t\t<div class=\"elementor-widget-container\">\n\t\t\t\t\t<h1 class=\"elementor-heading-title elementor-size-default\">Spezial Angebote<\/h1>\t\t\t\t<\/div>\n\t\t\t\t<\/div>\n\t\t<div class=\"elementor-element elementor-element-47445b2 e-con-full e-flex e-con e-child\" data-id=\"47445b2\" data-element_type=\"container\">\n\t\t<div class=\"elementor-element elementor-element-2371dd4 e-con-full e-flex e-con e-child\" data-id=\"2371dd4\" data-element_type=\"container\">\n\t\t\t\t<div class=\"elementor-element elementor-element-28dba11 elementor-widget elementor-widget-text-editor\" data-id=\"28dba11\" data-element_type=\"widget\" data-widget_type=\"text-editor.default\">\n\t\t\t\t<div class=\"elementor-widget-container\">\n\t\t\t\t\t\t\t\t\t<div id=\"1142390066\" class=\"dmRespCol small-12 large-6 medium-6\"><div id=\"1538734127\" class=\"dmNewParagraph\" data-element-type=\"paragraph\" data-version=\"5\"><h4 class=\"m-size-19 size-24\"><span class=\"m-font-size-19 font-size-24\" style=\"color: #000000;\">Motorreinigung mit wasserstoff hho carbon cleaning<\/span><\/h4><\/div><div id=\"1544715181\" class=\"u_1544715181 dmNewParagraph\" data-element-type=\"paragraph\" data-version=\"5\"><p class=\"text-align-left\"><span style=\"color: #000000;\">Carbon Cleaning entfernt die meisten Ablagerungen im Motor und reduziert dadurch die Emissionen um bis zu 95%, f\u00fcr einen saubereren und umweltfreundlicheren Antrieb. Ohne Kohlenstoffablagerungen ist die Verbrennung um vieles sauberer.<\/span><\/p><p><span style=\"color: #000000;\">Dadurch steigt die Leistung, bei gleichzeitig geringerem Kraftstoffverbrauch.<\/span><br \/><span style=\"color: #000000;\">Bei der Reinigung mit Wasserstoff wird aus Wasser mittels einer Elektrolyse Wasserstoff, der durch das Ansaugrohr im Verbrennungsmotor in das Motorinnere geleitet wird. Ist der Motor warm gelaufen, entfaltet der Wasserstoff sofort seine Reinigungswirkung.<\/span><\/p><\/div><\/div>\t\t\t\t\t\t\t\t<\/div>\n\t\t\t\t<\/div>\n\t\t\t\t<\/div>\n\t\t<div class=\"elementor-element elementor-element-17a4387 e-con-full e-flex e-con e-child\" data-id=\"17a4387\" data-element_type=\"container\">\n\t\t\t\t<div class=\"elementor-element elementor-element-6489e73 elementor-widget elementor-widget-image\" data-id=\"6489e73\" data-element_type=\"widget\" data-widget_type=\"image.default\">\n\t\t\t\t<div class=\"elementor-widget-container\">\n\t\t\t\t\t\t\t\t\t\t\t\t\t\t\t<img decoding=\"async\" width=\"486\" height=\"349\" src=\"https:\/\/www.llp-cars.ch\/cms\/wp-content\/uploads\/2024\/10\/11568776-Carbon-Cleaning-c51ce-1920w.webp\" class=\"attachment-large size-large wp-image-84\" alt=\"\" srcset=\"https:\/\/www.llp-cars.ch\/cms\/wp-content\/uploads\/2024\/10\/11568776-Carbon-Cleaning-c51ce-1920w.webp 486w, https:\/\/www.llp-cars.ch\/cms\/wp-content\/uploads\/2024\/10\/11568776-Carbon-Cleaning-c51ce-1920w-300x215.webp 300w\" sizes=\"(max-width: 486px) 100vw, 486px\" \/>\t\t\t\t\t\t\t\t\t\t\t\t\t\t\t<\/div>\n\t\t\t\t<\/div>\n\t\t\t\t<\/div>\n\t\t\t\t<\/div>\n\t\t<div class=\"elementor-element elementor-element-0c31116 e-con-full e-flex e-con e-child\" data-id=\"0c31116\" data-element_type=\"container\">\n\t\t<div class=\"elementor-element elementor-element-8f6d595 e-con-full e-flex e-con e-child\" data-id=\"8f6d595\" data-element_type=\"container\">\n\t\t\t\t<div class=\"elementor-element elementor-element-ec48d69 elementor-widget elementor-widget-image\" data-id=\"ec48d69\" data-element_type=\"widget\" data-widget_type=\"image.default\">\n\t\t\t\t<div class=\"elementor-widget-container\">\n\t\t\t\t\t\t\t\t\t\t\t\t\t\t\t<img decoding=\"async\" width=\"814\" height=\"443\" src=\"https:\/\/www.llp-cars.ch\/cms\/wp-content\/uploads\/2024\/10\/11568896-getriebe-c51ce-1920w.webp\" class=\"attachment-large size-large wp-image-85\" alt=\"\" srcset=\"https:\/\/www.llp-cars.ch\/cms\/wp-content\/uploads\/2024\/10\/11568896-getriebe-c51ce-1920w.webp 814w, https:\/\/www.llp-cars.ch\/cms\/wp-content\/uploads\/2024\/10\/11568896-getriebe-c51ce-1920w-300x163.webp 300w, https:\/\/www.llp-cars.ch\/cms\/wp-content\/uploads\/2024\/10\/11568896-getriebe-c51ce-1920w-768x418.webp 768w\" sizes=\"(max-width: 814px) 100vw, 814px\" \/>\t\t\t\t\t\t\t\t\t\t\t\t\t\t\t<\/div>\n\t\t\t\t<\/div>\n\t\t\t\t<div class=\"elementor-element elementor-element-59ad9db elementor-widget elementor-widget-text-editor\" data-id=\"59ad9db\" data-element_type=\"widget\" data-widget_type=\"text-editor.default\">\n\t\t\t\t<div class=\"elementor-widget-container\">\n\t\t\t\t\t\t\t\t\t<div id=\"1302033683\" class=\"dmNewParagraph\" data-element-type=\"paragraph\" data-version=\"5\"><h3 class=\"m-size-19 size-24\"><span style=\"text-decoration: underline;\"><span class=\"font-size-24 m-font-size-19\" style=\"color: #000000; text-decoration: underline;\">Termine nur unter telefonischer voranmeldung 079 615 22 47<\/span><\/span><\/h3><\/div><div id=\"1406715695\" class=\"u_1406715695 dmNewParagraph\" data-element-type=\"paragraph\" data-version=\"5\"><p>\u00a0<\/p><\/div>\t\t\t\t\t\t\t\t<\/div>\n\t\t\t\t<\/div>\n\t\t\t\t<\/div>\n\t\t<div class=\"elementor-element elementor-element-f34c16c e-con-full e-flex e-con e-child\" data-id=\"f34c16c\" data-element_type=\"container\">\n\t\t\t\t<div class=\"elementor-element elementor-element-1c2800d elementor-widget elementor-widget-text-editor\" data-id=\"1c2800d\" data-element_type=\"widget\" data-widget_type=\"text-editor.default\">\n\t\t\t\t<div class=\"elementor-widget-container\">\n\t\t\t\t\t\t\t\t\t<div id=\"1142390066\" class=\"dmRespCol small-12 large-6 medium-6\"><div id=\"1480218960\" class=\"dmRespCol large-6 medium-6 small-12 u_1480218960\"><div id=\"1881905065\" class=\"u_1881905065 dmNewParagraph\" data-element-type=\"paragraph\" data-version=\"5\"><h3 class=\"m-size-19 size-24\"><span class=\"font-size-24 m-font-size-19\" style=\"color: #000000;\">Automatikgetribe-sp\u00fclung<\/span><\/h3><\/div><div id=\"1407198039\" class=\"u_1407198039 dmNewParagraph\" data-element-type=\"paragraph\" data-version=\"5\"><p><span style=\"color: #000000;\">Warum ist eine Getriebesp\u00fclung Automatik wichtig?<\/span><\/p><p><span style=\"color: #000000;\"><span class=\"\">Sinn und Zweck einer solchen <\/span>Sp\u00fclung<span class=\"\"> besteht darin, das alte Getriebe\u00f6l mitsamt seinen R\u00fcckst\u00e4nden zu entfernen und somit die Grundlage f\u00fcr eine optimale Schmierung des Getriebes zu schaffen. &#8230; Auf diese Weise ist es m\u00f6glich, das <\/span>Getriebe<span class=\"\"> bestm\u00f6glich zu reinigen, ohne es zerlegen zu m\u00fcssen.<\/span><\/span><\/p><p><span style=\"color: #000000;\"><span class=\"\">Nach 60.000 bis 80.000 km ist es ratsam, einen vollst\u00e4ndigen \u00d6lwechsel durchzuf\u00fchren. Wenn das Auto Symptome zeigt, <\/span>ist eine Getriebesp\u00fclung<span class=\"\"> auf jeden Fall notwendig. Diese Symptome k\u00f6nnen ein verz\u00f6gerter Gangwechsel sein oder dass die Schaltpunkte des Getriebes nicht mehr stimmen.<\/span><\/span><\/p><p><span style=\"color: #000000;\"><span class=\"\">Beim <\/span>Automatikgetriebe<span class=\"\"> oder beim automatisierten DSG <\/span>muss<span class=\"\"> nach rund 85.000 km das <\/span>Getriebe<span class=\"\"> einmal gr\u00fcndlich <\/span><span class=\"\">gesp\u00fclt <\/span>werden. Ein verz\u00f6gerter Gangwechsel und die Verschiebung der Schaltpunkte k\u00f6nnen auf einen Defekt hindeuten.<\/span><\/p><p><span style=\"color: #000000;\"><span class=\"\">Wir empfehlen eine <\/span>Getriebesp\u00fclung<span class=\"\"> nach rund 60.000 bis 90.000 km, um Reparaturen und Sch\u00e4den vorzubeugen.<\/span><\/span><\/p><p><span style=\"color: #000000;\">TERMINE UNTER TELEFONISCHER VORANMELDUNG<\/span><\/p><\/div><\/div><\/div>\t\t\t\t\t\t\t\t<\/div>\n\t\t\t\t<\/div>\n\t\t\t\t<\/div>\n\t\t\t\t<\/div>\n\t\t\t\t<\/div>\n\t\t\t\t<\/div>\n\t\t\t\t<\/div>\n\t\t","protected":false},"excerpt":{"rendered":"<p>Spezial Angebote Motorreinigung mit wasserstoff hho carbon cleaning Carbon Cleaning entfernt die meisten Ablagerungen im Motor und reduziert dadurch die Emissionen um bis zu 95%, f\u00fcr einen saubereren und umweltfreundlicheren Antrieb. Ohne Kohlenstoffablagerungen ist die Verbrennung um vieles sauberer. Dadurch steigt die Leistung, bei gleichzeitig geringerem Kraftstoffverbrauch.Bei der Reinigung mit Wasserstoff wird aus Wasser mittels&hellip;&nbsp;<a href=\"https:\/\/www.llp-cars.ch\/cms\/spezial-angebote\/\" class=\"\" rel=\"bookmark\">Weiterlesen &raquo;<span class=\"screen-reader-text\">Spezial Angebote<\/span><\/a><\/p>\n","protected":false},"author":1,"featured_media":0,"parent":0,"menu_order":0,"comment_status":"closed","ping_status":"closed","template":"page-templates\/template-pagebuilder-full-width.php","meta":{"neve_meta_sidebar":"","neve_meta_container":"","neve_meta_enable_content_width":"","neve_meta_content_width":0,"neve_meta_title_alignment":"","neve_meta_author_avatar":"","neve_post_elements_order":"","neve_meta_disable_header":"","neve_meta_disable_footer":"","neve_meta_disable_title":"","footnotes":""},"class_list":["post-21","page","type-page","status-publish","hentry"],"_links":{"self":[{"href":"https:\/\/www.llp-cars.ch\/cms\/wp-json\/wp\/v2\/pages\/21","targetHints":{"allow":["GET"]}}],"collection":[{"href":"https:\/\/www.llp-cars.ch\/cms\/wp-json\/wp\/v2\/pages"}],"about":[{"href":"https:\/\/www.llp-cars.ch\/cms\/wp-json\/wp\/v2\/types\/page"}],"author":[{"embeddable":true,"href":"https:\/\/www.llp-cars.ch\/cms\/wp-json\/wp\/v2\/users\/1"}],"replies":[{"embeddable":true,"href":"https:\/\/www.llp-cars.ch\/cms\/wp-json\/wp\/v2\/comments?post=21"}],"version-history":[{"count":19,"href":"https:\/\/www.llp-cars.ch\/cms\/wp-json\/wp\/v2\/pages\/21\/revisions"}],"predecessor-version":[{"id":202,"href":"https:\/\/www.llp-cars.ch\/cms\/wp-json\/wp\/v2\/pages\/21\/revisions\/202"}],"wp:attachment":[{"href":"https:\/\/www.llp-cars.ch\/cms\/wp-json\/wp\/v2\/media?parent=21"}],"curies":[{"name":"wp","href":"https:\/\/api.w.org\/{rel}","templated":true}]}}